{"id":242,"date":"2015-01-31T09:07:34","date_gmt":"2015-01-31T07:07:34","guid":{"rendered":"http:\/\/www.easy-db.de\/?page_id=242"},"modified":"2015-01-31T22:50:11","modified_gmt":"2015-01-31T20:50:11","slug":"impressum","status":"publish","type":"page","link":"https:\/\/www.easy-db.de\/?page_id=242","title":{"rendered":"Impressum"},"content":{"rendered":"<p><strong>Inhaltlich verantwortlich gem\u00e4\u00df \u00a7 5 TMG:<br \/>\n<\/strong>Robert van de Meulenhof<\/p>\n<p><strong>Urheberrecht<\/strong><br \/>\nCopyright Robert van de Meulenhof. Alle Rechte vorbehalten. Alle Texte, Bilder und Graphiken sowie ihre Arrangements unterliegen dem Urheberrecht und anderen Gesetzen zum Schutz geistigen Eigentums. Sie d\u00fcrfen weder f\u00fcr Handelszwecke oder zur Weitergabe kopiert, noch ver\u00e4ndert und auf anderen Web-Sites verwendet werden.<\/p>\n<p><strong>Gew\u00e4hrleistung<\/strong><br \/>\nDie Informationen stellt Robert van de Meulenhof ohne jegliche Zusicherung oder Gew\u00e4hrleistung jedweder Art, sei sie ausdr\u00fccklich oder stillschweigend, zur Verf\u00fcgung. Ausgeschlossen sind auch alle stillschweigenden Gew\u00e4hrleistungen betreffend die Handelsf\u00e4higkeit, die Eignung f\u00fcr bestimmte Zwecke oder den Nichtversto\u00df gegen Gesetze und Patente. Auch wenn wir davon ausgehen, dass die von uns gegebenen Informationen zutreffend sind, k\u00f6nnen sie dennoch Fehler oder Ungenauigkeiten enthalten.<\/p>\n<p><strong>Links<\/strong><br \/>\nMit Urteil vom 12. Mai 1998 hat das Landgericht Hamburg entschieden, dass man durch die Ausbringung eines Links die Inhalte der gelinkten Seite ggf. mit zu verantworten hat. Dies kann &#8211; so das LG &#8211; nur dadurch verhindert werden, dass man sich ausdr\u00fccklich von diesen Inhalten distanziert. Wir haben auf unserer Seite Links zu anderen Seiten im Internet gelegt. F\u00fcr all diese Links gilt: Wir m\u00f6chten ausdr\u00fccklich betonen, dass wir keinerlei Einfluss auf die Gestaltung und die Inhalte der gelinkten Seiten haben. Deshalb distanzieren wir uns hiermit ausdr\u00fccklich von allen Inhalten aller gelinkten Seiten auf www.nice-werbedesign.de. Und wir machen uns deren Inhalte nicht zu Eigen. Diese Erkl\u00e4rung gilt f\u00fcr alle auf unserer Seite ausgebrachten Links und f\u00fcr alle Inhalte der Seiten, zu denen die Banner f\u00fchren.<\/p>\n<p><strong>Handelsmarken<\/strong><br \/>\nWo nicht anders angegeben, sind alle auf den EASY-DB Robert van de Meulenhof-Internet-Seiten genannten Handelsmarken gesetzlich gesch\u00fctzte Warenzeichen, einschlie\u00dflich aller Logos und Embleme.<\/p>\n<p><strong>Einsatz von Google-Analytics<\/strong><br \/>\nDiese Website benutzt Google Analytics, einen Webanalysedienst der Google Inc., um eine Analyse der Benutzung der Website zu erm\u00f6glichen. Die durch den Einsatz von Google Analytics erzeugten Informationen \u00fcber Ihre Nutzung diese Website (einschlie\u00dflich Ihrer IP-Adresse) werden an einen Server der Google Inc. in den USA \u00fcbertragen und dort gespeichert. Google wird diese Informationen lediglich dazu verwenden, die Nutzung der Website zu analysieren, indem anonymisierte Auswertungen und Grafiken zur Anzahl der Besuche, Anzahl der pro Nutzer aufgerufenen Seiten usw. erstellt werden. Diese setzen wir ausschlie\u00dflich zu Zwecken der eigenen Marktforschung und vor allem der Optimierung und bedarfsgerechten Gestaltung unserer Webseiten ein. Mehr Informationen zur von Google eingesetzten Technologie finden sie unter <a href=\"http:\/\/www.www.google.de\/analytics\" target=\"blank\"><span style=\"text-decoration: underline;\"><span style=\"color: #0066cc;\">www.google.de\/analytics<\/span><\/span><\/a>.<\/p>\n<p><strong>EASY-DB<br \/>\n<\/strong>Robert van de Meulenhof<br \/>\nDipl. Wirtschaftsingenieur FH (HS Pforzheim)<br \/>\nSchwerpunkt IT &#8211; Medien<\/p>\n<p>Steinerstr. 36\/1<br \/>\n75203 K\u00f6nigsbach-Stein<\/p>\n<p>Tel.: +49 179 \/ 5 31 02 82<br \/>\nMail: info@easy-db.de<\/p>\n<div class = 'socialMediaOnEveryPost'><div id=\"sgmbShare1-1\" class=\"sgmbShare jssocials-theme-classic sgmbWidget1-1\"><\/div><div class=\"dropdownWrapper dropdownWrapper1 dropdownWrapper-for-widget \" id=\"dropdownWrapper-for-widget\">\r\n\t\t\t\t\t\t<div class=\"dropdownLabel\" id=\"dropdownLabel-share-list\"><span class=\"sgmbButtonListLabel1\">Share List<\/span><\/div>\r\n\t\t\t\t\t\t<div class=\"dropdownPanel dropdownPanel1-1\">\r\n\t\t\t\t\t\t<\/div>\r\n\t\t\t\t\t<\/div><script>  SGMB_URL = \"https:\/\/www.easy-db.de\/wp-content\/plugins\/social-media-builder\/\"; jQuery(\".dropdownWrapper\").hide(); SGMB_GOOGLE_ACOUNT = \"\"; <\/script><script type=\"text\/javascript\">\r\n\t\tjQuery(document).ready(function($){var widget = new SGMBWidget();widget.show({\"id\":\"1\",\"title\":\"EASY-SOCIAL\",\"options\":{\"currentUrl\":\"1\",\"url\":\"\",\"shareText\":\"\",\"fontSize\":\"8\",\"betweenButtons\":\"1px\",\"theme\":\"classic\",\"buttonsPosition\":\"\",\"socialTheme\":\"\",\"icon\":\"default\",\"buttonsPanelEffect\":\"fadeIn\",\"buttonsEffect\":\"No Effect\",\"iconsEffect\":\"No Effect\",\"buttons\":\"{\\\"facebook\\\":{\\\"label\\\":\\\"Share\\\",\\\"icon\\\":\\\"default-facebook\\\"},\\\"twitter\\\":{\\\"label\\\":\\\"Tweet\\\",\\\"icon\\\":\\\"default-twitter\\\",\\\"via\\\":\\\"\\\",\\\"hashtags\\\":\\\"#EASYDB\\\"},\\\"linkedin\\\":{\\\"label\\\":\\\"Share\\\",\\\"icon\\\":\\\"default-linkedin\\\"},\\\"googleplus\\\":{\\\"label\\\":\\\"+1\\\",\\\"icon\\\":\\\"default-googleplus\\\"},\\\"email\\\":{\\\"label\\\":\\\"E-mail\\\",\\\"icon\\\":\\\"default-email\\\"}}\",\"roundButton\":\"on\",\"showLabels\":\"\",\"showCounts\":\"\",\"showCenter\":\"\",\"showButtonsAsList\":\"\",\"setButtonsPosition\":\"\",\"sgmbDropdownColor\":\"\",\"sgmbDropdownLabelFontSize\":\"14\",\"sgmbDropdownLabelColor\":\"\",\"showButtonsOnEveryPost\":\"on\",\"showOnAllPost\":\"on\",\"sgmbPostionOnEveryPost\":\"Left\",\"textOnEveryPost\":\"\",\"showButtonsOnMobileDirect\":\"\"},\"buttonOptions\":{\"facebook\":{\"label\":\"Share\",\"icon\":\"default-facebook\"},\"twitter\":{\"label\":\"Tweet\",\"icon\":\"default-twitter\",\"via\":\"\",\"hashtags\":\"#EASYDB\"},\"linkedin\":{\"label\":\"Share\",\"icon\":\"default-linkedin\"},\"googleplus\":{\"label\":\"+1\",\"icon\":\"default-googleplus\"},\"email\":{\"label\":\"E-mail\",\"icon\":\"default-email\"}},\"button\":[\"facebook\",\"twitter\",\"linkedin\",\"googleplus\",\"email\"]}, 1, '', 'https:\/\/www.easy-db.de\/wp-content\/plugins\/social-media-builder\/\/img\/no-image.png', '', 'https:\/\/www.easy-db.de\/?page_id=242'); });<\/script><\/div><script> jQuery(\".socialMediaOnEveryPost\").addClass(\"sgmb-left\") <\/script>","protected":false},"excerpt":{"rendered":"<p>Inhaltlich verantwortlich gem\u00e4\u00df \u00a7 5 TMG: Robert van de Meulenhof Urheberrecht Copyright Robert van de Meulenhof. Alle Rechte vorbehalten. Alle Texte, Bilder und Graphiken sowie ihre Arrangements unterliegen dem Urheberrecht und anderen Gesetzen zum Schutz geistigen Eigentums. Sie d\u00fcrfen weder f\u00fcr Handelszwecke oder zur Weitergabe kopiert, noch ver\u00e4ndert und auf anderen Web-Sites verwendet werden. Gew\u00e4hrleistung &hellip; <a href=\"https:\/\/www.easy-db.de\/?page_id=242\" class=\"more-link\"><span class=\"screen-reader-text\">Impressum<\/span> weiterlesen <span class=\"meta-nav\">&rarr;<\/span><\/a><\/p>\n","protected":false},"author":1,"featured_media":0,"parent":0,"menu_order":0,"comment_status":"closed","ping_status":"closed","template":"page-templates\/full-width.php","meta":{"_monsterinsights_skip_tracking":false,"_monsterinsights_sitenote_active":false,"_monsterinsights_sitenote_note":"","_monsterinsights_sitenote_category":0,"footnotes":""},"class_list":["post-242","page","type-page","status-publish","hentry"],"_links":{"self":[{"href":"https:\/\/www.easy-db.de\/index.php?rest_route=\/wp\/v2\/pages\/242","targetHints":{"allow":["GET"]}}],"collection":[{"href":"https:\/\/www.easy-db.de\/index.php?rest_route=\/wp\/v2\/pages"}],"about":[{"href":"https:\/\/www.easy-db.de\/index.php?rest_route=\/wp\/v2\/types\/page"}],"author":[{"embeddable":true,"href":"https:\/\/www.easy-db.de\/index.php?rest_route=\/wp\/v2\/users\/1"}],"replies":[{"embeddable":true,"href":"https:\/\/www.easy-db.de\/index.php?rest_route=%2Fwp%2Fv2%2Fcomments&post=242"}],"version-history":[{"count":0,"href":"https:\/\/www.easy-db.de\/index.php?rest_route=\/wp\/v2\/pages\/242\/revisions"}],"wp:attachment":[{"href":"https:\/\/www.easy-db.de\/index.php?rest_route=%2Fwp%2Fv2%2Fmedia&parent=242"}],"curies":[{"name":"wp","href":"https:\/\/api.w.org\/{rel}","templated":true}]}}